{"id":2044,"date":"2020-08-31T22:16:37","date_gmt":"2020-08-31T22:16:37","guid":{"rendered":"https:\/\/duzca.com.co\/anterior\/?page_id=2044"},"modified":"2021-06-03T21:28:48","modified_gmt":"2021-06-03T21:28:48","slug":"elementor-2044","status":"publish","type":"page","link":"https:\/\/duzca.com.co\/anterior\/index.php\/elementor-2044\/","title":{"rendered":"Nosotros"},"content":{"rendered":"\t\t<div data-elementor-type=\"wp-page\" data-elementor-id=\"2044\" class=\"elementor elementor-2044\" data-elementor-post-type=\"page\">\n\t\t\t\t\t\t\t\t\t<section class=\"elementor-section elementor-top-section elementor-element elementor-element-9353541 elementor-section-boxed elementor-section-height-default elementor-section-height-default elementor-invisible\" data-id=\"9353541\" data-element_type=\"section\" data-settings=\"{&quot;background_background&quot;:&quot;classic&quot;,&quot;animation&quot;:&quot;fadeInDown&quot;}\">\n\t\t\t\t\t\t<div class=\"elementor-container elementor-column-gap-default\">\n\t\t\t\t\t<div class=\"elementor-column elementor-col-100 elementor-top-column elementor-element elementor-element-2f3adcb\" data-id=\"2f3adcb\" data-element_type=\"column\" data-settings=\"{&quot;background_background&quot;:&quot;slideshow&quot;,&quot;background_slideshow_gallery&quot;:[{&quot;id&quot;:1889,&quot;url&quot;:&quot;https:\\\/\\\/duzca.com.co\\\/anterior\\\/wp-content\\\/uploads\\\/2020\\\/08\\\/SIENA-BLANCO.jpg&quot;},{&quot;id&quot;:2398,&quot;url&quot;:&quot;https:\\\/\\\/duzca.com.co\\\/anterior\\\/wp-content\\\/uploads\\\/2021\\\/06\\\/Duzca_Inauguracio\\u00a6un_17042021-36-scaled.jpg&quot;},{&quot;id&quot;:2399,&quot;url&quot;:&quot;https:\\\/\\\/duzca.com.co\\\/anterior\\\/wp-content\\\/uploads\\\/2021\\\/06\\\/Duzca_Inauguracio\\u00a6un_17042021-43-scaled.jpg&quot;}],&quot;background_slideshow_loop&quot;:&quot;yes&quot;,&quot;background_slideshow_slide_duration&quot;:5000,&quot;background_slideshow_slide_transition&quot;:&quot;fade&quot;,&quot;background_slideshow_transition_duration&quot;:500}\">\n\t\t\t<div class=\"elementor-widget-wrap elementor-element-populated\">\n\t\t\t\t\t\t\t\t<section class=\"elementor-section elementor-inner-section elementor-element elementor-element-cdc87ee elementor-section-boxed elementor-section-height-default elementor-section-height-default\" data-id=\"cdc87ee\" data-element_type=\"section\">\n\t\t\t\t\t\t\t<div class=\"elementor-background-overlay\"><\/div>\n\t\t\t\t\t\t\t<div class=\"elementor-container elementor-column-gap-default\">\n\t\t\t\t\t<div class=\"elementor-column elementor-col-50 elementor-inner-column elementor-element elementor-element-1b834bf\" data-id=\"1b834bf\" data-element_type=\"column\">\n\t\t\t<div class=\"elementor-widget-wrap elementor-element-populated\">\n\t\t\t\t\t\t\t\t<div class=\"elementor-element elementor-element-63490b6 elementor-widget elementor-widget-heading\" data-id=\"63490b6\" data-element_type=\"widget\" data-widget_type=\"heading.default\">\n\t\t\t\t<div class=\"elementor-widget-container\">\n\t\t\t<h2 class=\"elementor-heading-title elementor-size-default\">QUIENES SOMOS<\/h2>\t\t<\/div>\n\t\t\t\t<\/div>\n\t\t\t\t<div class=\"elementor-element elementor-element-c1d7e97 elementor-widget elementor-widget-text-editor\" data-id=\"c1d7e97\" data-element_type=\"widget\" data-widget_type=\"text-editor.default\">\n\t\t\t\t<div class=\"elementor-widget-container\">\n\t\t\t\t\t\t\t<p style=\"text-align: center;\"><strong>DUZCA<\/strong> es una marca Colombiana que fabrica sus productos 100% artesanalmente, cada pieza es creada con inspiraci\u00f3n, amor, gracia y dedicaci\u00f3n por parte de nuestro equipo, los cuales transforman nuestra materia prima principal que es el cuero en piezas que hacen parte del estilo \u00fanico de vida de cada persona, buscando as\u00ed la satisfacci\u00f3n de nuestros clientes.<\/p><p style=\"text-align: center;\">Por lo tanto, cuando compras alguno de nuestros productos, estas apoyando la industria nacional y tambi\u00e9n ayudando a nuestros artesanos y sus familias a salir adelante en la generaci\u00f3n de empleo y nuevas oportunidades.<\/p>\t\t\t\t\t\t<\/div>\n\t\t\t\t<\/div>\n\t\t\t\t\t<\/div>\n\t\t<\/div>\n\t\t\t\t<div class=\"elementor-column elementor-col-50 elementor-inner-column elementor-element elementor-element-03a0174\" data-id=\"03a0174\" data-element_type=\"column\">\n\t\t\t<div class=\"elementor-widget-wrap elementor-element-populated\">\n\t\t\t\t\t\t\t\t<div class=\"elementor-element elementor-element-86f3ee8 elementor-widget elementor-widget-image\" data-id=\"86f3ee8\" data-element_type=\"widget\" data-widget_type=\"image.default\">\n\t\t\t\t<div class=\"elementor-widget-container\">\n\t\t\t\t\t\t\t\t\t\t\t\t\t\t\t<img decoding=\"async\" width=\"300\" height=\"165\" src=\"https:\/\/duzca.com.co\/anterior\/wp-content\/uploads\/2020\/08\/LOGOS-DUZCA-PNG-03-e1597107046437-300x165.png\" class=\"attachment-medium size-medium wp-image-1783\" alt=\"\" srcset=\"https:\/\/duzca.com.co\/anterior\/wp-content\/uploads\/2020\/08\/LOGOS-DUZCA-PNG-03-e1597107046437-300x165.png 300w, https:\/\/duzca.com.co\/anterior\/wp-content\/uploads\/2020\/08\/LOGOS-DUZCA-PNG-03-e1597107046437-1024x563.png 1024w, https:\/\/duzca.com.co\/anterior\/wp-content\/uploads\/2020\/08\/LOGOS-DUZCA-PNG-03-e1597107046437-768x422.png 768w, https:\/\/duzca.com.co\/anterior\/wp-content\/uploads\/2020\/08\/LOGOS-DUZCA-PNG-03-e1597107046437-600x330.png 600w, https:\/\/duzca.com.co\/anterior\/wp-content\/uploads\/2020\/08\/LOGOS-DUZCA-PNG-03-e1597107046437.png 1371w\" sizes=\"(max-width: 300px) 100vw, 300px\" \/>\t\t\t\t\t\t\t\t\t\t\t\t\t\t\t<\/div>\n\t\t\t\t<\/div>\n\t\t\t\t<div class=\"elementor-element elementor-element-7d5483f elementor-align-center elementor-icon-list--layout-traditional elementor-list-item-link-full_width elementor-widget elementor-widget-icon-list\" data-id=\"7d5483f\" data-element_type=\"widget\" data-widget_type=\"icon-list.default\">\n\t\t\t\t<div class=\"elementor-widget-container\">\n\t\t\t\t\t<ul class=\"elementor-icon-list-items\">\n\t\t\t\t\t\t\t<li class=\"elementor-icon-list-item\">\n\t\t\t\t\t\t\t\t\t\t\t<span class=\"elementor-icon-list-icon\">\n\t\t\t\t\t\t\t<i aria-hidden=\"true\" class=\"fas fa-mobile-alt\"><\/i>\t\t\t\t\t\t<\/span>\n\t\t\t\t\t\t\t\t\t\t<span class=\"elementor-icon-list-text\">(+57) 3167778633<\/span>\n\t\t\t\t\t\t\t\t\t<\/li>\n\t\t\t\t\t\t\t\t<li class=\"elementor-icon-list-item\">\n\t\t\t\t\t\t\t\t\t\t\t<a href=\"https:\/\/www.google.com\/maps\/place\/DUZCA\/@7.1283313,-73.1256123,17z\/data=!4m13!1m7!3m6!1s0x8e68157b2d92a83f:0x4282e571a1774f7f!2sCra.+22+%2320-55,+Bucaramanga,+Santander!3b1!8m2!3d7.1283313!4d-73.1234236!3m4!1s0x8e68158906379eb9:0x14bf093c01325bd2!8m2!3d7.1283187!4d-73.1235?hl=es\">\n\n\t\t\t\t\t\t\t\t\t\t\t\t<span class=\"elementor-icon-list-icon\">\n\t\t\t\t\t\t\t<i aria-hidden=\"true\" class=\"fas fa-map-marker-alt\"><\/i>\t\t\t\t\t\t<\/span>\n\t\t\t\t\t\t\t\t\t\t<span class=\"elementor-icon-list-text\">carrera 22 # 20-55 San Francisco Bucaramanga Colombia<\/span>\n\t\t\t\t\t\t\t\t\t\t\t<\/a>\n\t\t\t\t\t\t\t\t\t<\/li>\n\t\t\t\t\t\t\t\t<li class=\"elementor-icon-list-item\">\n\t\t\t\t\t\t\t\t\t\t\t<span class=\"elementor-icon-list-icon\">\n\t\t\t\t\t\t\t<i aria-hidden=\"true\" class=\"far fa-envelope\"><\/i>\t\t\t\t\t\t<\/span>\n\t\t\t\t\t\t\t\t\t\t<span class=\"elementor-icon-list-text\">servicioalcliente@duzca.com.co<\/span>\n\t\t\t\t\t\t\t\t\t<\/li>\n\t\t\t\t\t\t<\/ul>\n\t\t\t\t<\/div>\n\t\t\t\t<\/div>\n\t\t\t\t<div class=\"elementor-element elementor-element-bd8ee48 elementor-align-center elementor-widget elementor-widget-button\" data-id=\"bd8ee48\" data-element_type=\"widget\" data-widget_type=\"button.default\">\n\t\t\t\t<div class=\"elementor-widget-container\">\n\t\t\t\t\t<div class=\"elementor-button-wrapper\">\n\t\t\t<a class=\"elementor-button elementor-button-link elementor-size-sm elementor-animation-pulse\" href=\"https:\/\/duzca.com.co\/anterior\/index.php\/contacto\/\">\n\t\t\t\t\t\t<span class=\"elementor-button-content-wrapper\">\n\t\t\t\t\t\t<span class=\"elementor-button-text\">CONTACTO<\/span>\n\t\t<\/span>\n\t\t\t\t\t<\/a>\n\t\t<\/div>\n\t\t\t\t<\/div>\n\t\t\t\t<\/div>\n\t\t\t\t\t<\/div>\n\t\t<\/div>\n\t\t\t\t\t\t\t<\/div>\n\t\t<\/section>\n\t\t\t\t\t<\/div>\n\t\t<\/div>\n\t\t\t\t\t\t\t<\/div>\n\t\t<\/section>\n\t\t\t\t<section class=\"elementor-section elementor-top-section elementor-element elementor-element-4dd1c78 elementor-section-boxed elementor-section-height-default elementor-section-height-default\" data-id=\"4dd1c78\" data-element_type=\"section\">\n\t\t\t\t\t\t<div class=\"elementor-container elementor-column-gap-default\">\n\t\t\t\t\t<div class=\"elementor-column elementor-col-100 elementor-top-column elementor-element elementor-element-c8698cd\" data-id=\"c8698cd\" data-element_type=\"column\">\n\t\t\t<div class=\"elementor-widget-wrap elementor-element-populated\">\n\t\t\t\t\t\t\t\t\t<\/div>\n\t\t<\/div>\n\t\t\t\t\t\t\t<\/div>\n\t\t<\/section>\n\t\t\t\t\t\t\t<\/div>\n\t\t","protected":false},"excerpt":{"rendered":"<p>QUIENES SOMOS DUZCA es una marca Colombiana que fabrica sus productos 100% artesanalmente, cada pieza es creada con inspiraci\u00f3n, amor,<\/p>\n","protected":false},"author":1,"featured_media":0,"parent":0,"menu_order":0,"comment_status":"closed","ping_status":"closed","template":"","meta":{"_joinchat":[],"footnotes":""},"yoast_head":"<!-- This site is optimized with the Yoast SEO plugin v21.6 - https:\/\/yoast.com\/wordpress\/plugins\/seo\/ -->\n<title>Nosotros - DUZCA<\/title>\n<meta name=\"robots\" content=\"index, follow, max-snippet:-1, max-image-preview:large, max-video-preview:-1\" \/>\n<link rel=\"canonical\" href=\"https:\/\/duzca.com.co\/anterior\/index.php\/elementor-2044\/\" \/>\n<meta property=\"og:locale\" content=\"es_ES\" \/>\n<meta property=\"og:type\" content=\"article\" \/>\n<meta property=\"og:title\" content=\"Nosotros - DUZCA\" \/>\n<meta property=\"og:description\" content=\"QUIENES SOMOS DUZCA es una marca Colombiana que fabrica sus productos 100% artesanalmente, cada pieza es creada con inspiraci\u00f3n, amor,\" \/>\n<meta property=\"og:url\" content=\"https:\/\/duzca.com.co\/anterior\/index.php\/elementor-2044\/\" \/>\n<meta property=\"og:site_name\" content=\"DUZCA\" \/>\n<meta property=\"article:modified_time\" content=\"2021-06-03T21:28:48+00:00\" \/>\n<meta property=\"og:image\" content=\"https:\/\/duzca.com.co\/anterior\/wp-content\/uploads\/2020\/08\/LOGOS-DUZCA-PNG-03-e1597107046437-300x165.png\" \/>\n<meta name=\"twitter:card\" content=\"summary_large_image\" \/>\n<meta name=\"twitter:label1\" content=\"Tiempo de lectura\" \/>\n\t<meta name=\"twitter:data1\" content=\"1 minuto\" \/>\n<script type=\"application\/ld+json\" class=\"yoast-schema-graph\">{\"@context\":\"https:\/\/schema.org\",\"@graph\":[{\"@type\":\"WebPage\",\"@id\":\"https:\/\/duzca.com.co\/anterior\/index.php\/elementor-2044\/\",\"url\":\"https:\/\/duzca.com.co\/anterior\/index.php\/elementor-2044\/\",\"name\":\"Nosotros - DUZCA\",\"isPartOf\":{\"@id\":\"https:\/\/duzca.com.co\/anterior\/#website\"},\"datePublished\":\"2020-08-31T22:16:37+00:00\",\"dateModified\":\"2021-06-03T21:28:48+00:00\",\"breadcrumb\":{\"@id\":\"https:\/\/duzca.com.co\/anterior\/index.php\/elementor-2044\/#breadcrumb\"},\"inLanguage\":\"es\",\"potentialAction\":[{\"@type\":\"ReadAction\",\"target\":[\"https:\/\/duzca.com.co\/anterior\/index.php\/elementor-2044\/\"]}]},{\"@type\":\"BreadcrumbList\",\"@id\":\"https:\/\/duzca.com.co\/anterior\/index.php\/elementor-2044\/#breadcrumb\",\"itemListElement\":[{\"@type\":\"ListItem\",\"position\":1,\"name\":\"Portada\",\"item\":\"https:\/\/duzca.com.co\/anterior\/\"},{\"@type\":\"ListItem\",\"position\":2,\"name\":\"Nosotros\"}]},{\"@type\":\"WebSite\",\"@id\":\"https:\/\/duzca.com.co\/anterior\/#website\",\"url\":\"https:\/\/duzca.com.co\/anterior\/\",\"name\":\"DUZCA\",\"description\":\"\",\"publisher\":{\"@id\":\"https:\/\/duzca.com.co\/anterior\/#\/schema\/person\/5c0816f312b8a86c43fbdd9647efe56f\"},\"potentialAction\":[{\"@type\":\"SearchAction\",\"target\":{\"@type\":\"EntryPoint\",\"urlTemplate\":\"https:\/\/duzca.com.co\/anterior\/?s={search_term_string}\"},\"query-input\":\"required name=search_term_string\"}],\"inLanguage\":\"es\"},{\"@type\":[\"Person\",\"Organization\"],\"@id\":\"https:\/\/duzca.com.co\/anterior\/#\/schema\/person\/5c0816f312b8a86c43fbdd9647efe56f\",\"name\":\"DuzcaGD\",\"image\":{\"@type\":\"ImageObject\",\"inLanguage\":\"es\",\"@id\":\"https:\/\/duzca.com.co\/anterior\/#\/schema\/person\/image\/\",\"url\":\"https:\/\/secure.gravatar.com\/avatar\/c304344ebbe55f6bb2d7643e743e93a9?s=96&d=mm&r=g\",\"contentUrl\":\"https:\/\/secure.gravatar.com\/avatar\/c304344ebbe55f6bb2d7643e743e93a9?s=96&d=mm&r=g\",\"caption\":\"DuzcaGD\"},\"logo\":{\"@id\":\"https:\/\/duzca.com.co\/anterior\/#\/schema\/person\/image\/\"}}]}<\/script>\n<!-- \/ Yoast SEO plugin. -->","yoast_head_json":{"title":"Nosotros - DUZCA","robots":{"index":"index","follow":"follow","max-snippet":"max-snippet:-1","max-image-preview":"max-image-preview:large","max-video-preview":"max-video-preview:-1"},"canonical":"https:\/\/duzca.com.co\/anterior\/index.php\/elementor-2044\/","og_locale":"es_ES","og_type":"article","og_title":"Nosotros - DUZCA","og_description":"QUIENES SOMOS DUZCA es una marca Colombiana que fabrica sus productos 100% artesanalmente, cada pieza es creada con inspiraci\u00f3n, amor,","og_url":"https:\/\/duzca.com.co\/anterior\/index.php\/elementor-2044\/","og_site_name":"DUZCA","article_modified_time":"2021-06-03T21:28:48+00:00","og_image":[{"url":"https:\/\/duzca.com.co\/anterior\/wp-content\/uploads\/2020\/08\/LOGOS-DUZCA-PNG-03-e1597107046437-300x165.png"}],"twitter_card":"summary_large_image","twitter_misc":{"Tiempo de lectura":"1 minuto"},"schema":{"@context":"https:\/\/schema.org","@graph":[{"@type":"WebPage","@id":"https:\/\/duzca.com.co\/anterior\/index.php\/elementor-2044\/","url":"https:\/\/duzca.com.co\/anterior\/index.php\/elementor-2044\/","name":"Nosotros - DUZCA","isPartOf":{"@id":"https:\/\/duzca.com.co\/anterior\/#website"},"datePublished":"2020-08-31T22:16:37+00:00","dateModified":"2021-06-03T21:28:48+00:00","breadcrumb":{"@id":"https:\/\/duzca.com.co\/anterior\/index.php\/elementor-2044\/#breadcrumb"},"inLanguage":"es","potentialAction":[{"@type":"ReadAction","target":["https:\/\/duzca.com.co\/anterior\/index.php\/elementor-2044\/"]}]},{"@type":"BreadcrumbList","@id":"https:\/\/duzca.com.co\/anterior\/index.php\/elementor-2044\/#breadcrumb","itemListElement":[{"@type":"ListItem","position":1,"name":"Portada","item":"https:\/\/duzca.com.co\/anterior\/"},{"@type":"ListItem","position":2,"name":"Nosotros"}]},{"@type":"WebSite","@id":"https:\/\/duzca.com.co\/anterior\/#website","url":"https:\/\/duzca.com.co\/anterior\/","name":"DUZCA","description":"","publisher":{"@id":"https:\/\/duzca.com.co\/anterior\/#\/schema\/person\/5c0816f312b8a86c43fbdd9647efe56f"},"potentialAction":[{"@type":"SearchAction","target":{"@type":"EntryPoint","urlTemplate":"https:\/\/duzca.com.co\/anterior\/?s={search_term_string}"},"query-input":"required name=search_term_string"}],"inLanguage":"es"},{"@type":["Person","Organization"],"@id":"https:\/\/duzca.com.co\/anterior\/#\/schema\/person\/5c0816f312b8a86c43fbdd9647efe56f","name":"DuzcaGD","image":{"@type":"ImageObject","inLanguage":"es","@id":"https:\/\/duzca.com.co\/anterior\/#\/schema\/person\/image\/","url":"https:\/\/secure.gravatar.com\/avatar\/c304344ebbe55f6bb2d7643e743e93a9?s=96&d=mm&r=g","contentUrl":"https:\/\/secure.gravatar.com\/avatar\/c304344ebbe55f6bb2d7643e743e93a9?s=96&d=mm&r=g","caption":"DuzcaGD"},"logo":{"@id":"https:\/\/duzca.com.co\/anterior\/#\/schema\/person\/image\/"}}]}},"_links":{"self":[{"href":"https:\/\/duzca.com.co\/anterior\/index.php\/wp-json\/wp\/v2\/pages\/2044"}],"collection":[{"href":"https:\/\/duzca.com.co\/anterior\/index.php\/wp-json\/wp\/v2\/pages"}],"about":[{"href":"https:\/\/duzca.com.co\/anterior\/index.php\/wp-json\/wp\/v2\/types\/page"}],"author":[{"embeddable":true,"href":"https:\/\/duzca.com.co\/anterior\/index.php\/wp-json\/wp\/v2\/users\/1"}],"replies":[{"embeddable":true,"href":"https:\/\/duzca.com.co\/anterior\/index.php\/wp-json\/wp\/v2\/comments?post=2044"}],"version-history":[{"count":12,"href":"https:\/\/duzca.com.co\/anterior\/index.php\/wp-json\/wp\/v2\/pages\/2044\/revisions"}],"predecessor-version":[{"id":2408,"href":"https:\/\/duzca.com.co\/anterior\/index.php\/wp-json\/wp\/v2\/pages\/2044\/revisions\/2408"}],"wp:attachment":[{"href":"https:\/\/duzca.com.co\/anterior\/index.php\/wp-json\/wp\/v2\/media?parent=2044"}],"curies":[{"name":"wp","href":"https:\/\/api.w.org\/{rel}","templated":true}]}}