{"id":3137,"date":"2023-06-22T00:05:04","date_gmt":"2023-06-22T00:05:04","guid":{"rendered":"https:\/\/duzca.com.co\/anterior\/?post_type=product&#038;p=3137"},"modified":"2023-08-24T20:24:38","modified_gmt":"2023-08-24T20:24:38","slug":"andrea","status":"publish","type":"product","link":"https:\/\/duzca.com.co\/anterior\/index.php\/producto\/andrea\/","title":{"rendered":"ANDREA"},"content":{"rendered":"<p>&nbsp;<\/p>\n<p><strong>GU\u00cdA DE TALLAS<\/strong><\/p>\n<p><span style=\"font-weight: 400;\">Te recomendamos midas tu pie de noche ya que la actividad durante el d\u00eda hace que este se ensanche.<\/span><\/p>\n<p><span style=\"font-weight: 400;\">Para saber cu\u00e1nto calzas, sigue estas indicaciones:<\/span><\/p>\n<ol>\n<li style=\"font-weight: 400;\"><span style=\"font-weight: 400;\">Pon una hoja en blanco en el piso y contra la pared.<\/span><\/li>\n<li style=\"font-weight: 400;\"><span style=\"font-weight: 400;\">Coloca tu pie sobre la hoja de papel con el tal\u00f3n contra la pared (dependiendo del zapato que vas a comprar si lo usas con calcet\u00edn preferiblemente toma la medida con este puesto)..<\/span><\/li>\n<li style=\"font-weight: 400;\"><span style=\"font-weight: 400;\">Marca desde tu tal\u00f3n hasta donde llega tu dedo m\u00e1s largo.<\/span><\/li>\n<li style=\"font-weight: 400;\"><span style=\"font-weight: 400;\">Mide con una cinta m\u00e9trica la distancia entre los dos lados marcada en la hoja.<\/span><\/li>\n<li style=\"font-weight: 400;\"><span style=\"font-weight: 400;\">El n\u00famero que te dio en cmts comp\u00e1ralo con nuestra gu\u00eda de tallas y seg\u00fan tu pa\u00eds sabr\u00e1s que talla eres.<\/span><\/li>\n<li style=\"font-weight: 400;\"><span style=\"font-weight: 400;\">Si tienes dudas comun\u00edcate con nuestra l\u00ednea de atenci\u00f3n al cliente.<\/span><\/li>\n<\/ol>\n","protected":false},"excerpt":{"rendered":"<p><strong>\u00a1100% HECHO A MANO!<\/strong><\/p>\n<p>Tenis en cuero color talco x colores pasteles, interior textil y cuero, suela en PVC.<\/p>\n<p>Brindando una MAYOR comodidad y confort.<\/p>\n","protected":false},"featured_media":3139,"comment_status":"open","ping_status":"closed","template":"","meta":{"_joinchat":[]},"product_cat":[15],"product_tag":[],"yoast_head":"<!-- This site is optimized with the Yoast SEO plugin v21.6 - https:\/\/yoast.com\/wordpress\/plugins\/seo\/ -->\n<title>ANDREA - DUZCA<\/title>\n<meta name=\"robots\" content=\"index, follow, max-snippet:-1, max-image-preview:large, max-video-preview:-1\" \/>\n<link rel=\"canonical\" href=\"https:\/\/duzca.com.co\/anterior\/index.php\/producto\/andrea\/\" \/>\n<meta property=\"og:locale\" content=\"es_ES\" \/>\n<meta property=\"og:type\" content=\"article\" \/>\n<meta property=\"og:title\" content=\"ANDREA - DUZCA\" \/>\n<meta property=\"og:description\" content=\"\u00a1100% HECHO A MANO!  Tenis en cuero color talco x colores pasteles, interior textil y cuero, suela en PVC.  Brindando una MAYOR comodidad y confort.\" \/>\n<meta property=\"og:url\" content=\"https:\/\/duzca.com.co\/anterior\/index.php\/producto\/andrea\/\" \/>\n<meta property=\"og:site_name\" content=\"DUZCA\" \/>\n<meta property=\"article:modified_time\" content=\"2023-08-24T20:24:38+00:00\" \/>\n<meta property=\"og:image\" content=\"https:\/\/duzca.com.co\/anterior\/wp-content\/uploads\/2023\/06\/IMG_2996-scaled.jpeg\" \/>\n\t<meta property=\"og:image:width\" content=\"1440\" \/>\n\t<meta property=\"og:image:height\" content=\"2560\" \/>\n\t<meta property=\"og:image:type\" content=\"image\/jpeg\" \/>\n<meta name=\"twitter:card\" content=\"summary_large_image\" \/>\n<meta name=\"twitter:label1\" content=\"Tiempo de lectura\" \/>\n\t<meta name=\"twitter:data1\" content=\"1 minuto\" \/>\n<script type=\"application\/ld+json\" class=\"yoast-schema-graph\">{\"@context\":\"https:\/\/schema.org\",\"@graph\":[{\"@type\":\"WebPage\",\"@id\":\"https:\/\/duzca.com.co\/anterior\/index.php\/producto\/andrea\/\",\"url\":\"https:\/\/duzca.com.co\/anterior\/index.php\/producto\/andrea\/\",\"name\":\"ANDREA - DUZCA\",\"isPartOf\":{\"@id\":\"https:\/\/duzca.com.co\/anterior\/#website\"},\"datePublished\":\"2023-06-22T00:05:04+00:00\",\"dateModified\":\"2023-08-24T20:24:38+00:00\",\"breadcrumb\":{\"@id\":\"https:\/\/duzca.com.co\/anterior\/index.php\/producto\/andrea\/#breadcrumb\"},\"inLanguage\":\"es\",\"potentialAction\":[{\"@type\":\"ReadAction\",\"target\":[\"https:\/\/duzca.com.co\/anterior\/index.php\/producto\/andrea\/\"]}]},{\"@type\":\"BreadcrumbList\",\"@id\":\"https:\/\/duzca.com.co\/anterior\/index.php\/producto\/andrea\/#breadcrumb\",\"itemListElement\":[{\"@type\":\"ListItem\",\"position\":1,\"name\":\"Portada\",\"item\":\"https:\/\/duzca.com.co\/anterior\/\"},{\"@type\":\"ListItem\",\"position\":2,\"name\":\"Tienda\",\"item\":\"https:\/\/duzca.com.co\/anterior\/index.php\/tienda\/\"},{\"@type\":\"ListItem\",\"position\":3,\"name\":\"ANDREA\"}]},{\"@type\":\"WebSite\",\"@id\":\"https:\/\/duzca.com.co\/anterior\/#website\",\"url\":\"https:\/\/duzca.com.co\/anterior\/\",\"name\":\"DUZCA\",\"description\":\"\",\"publisher\":{\"@id\":\"https:\/\/duzca.com.co\/anterior\/#\/schema\/person\/5c0816f312b8a86c43fbdd9647efe56f\"},\"potentialAction\":[{\"@type\":\"SearchAction\",\"target\":{\"@type\":\"EntryPoint\",\"urlTemplate\":\"https:\/\/duzca.com.co\/anterior\/?s={search_term_string}\"},\"query-input\":\"required name=search_term_string\"}],\"inLanguage\":\"es\"},{\"@type\":[\"Person\",\"Organization\"],\"@id\":\"https:\/\/duzca.com.co\/anterior\/#\/schema\/person\/5c0816f312b8a86c43fbdd9647efe56f\",\"name\":\"DuzcaGD\",\"image\":{\"@type\":\"ImageObject\",\"inLanguage\":\"es\",\"@id\":\"https:\/\/duzca.com.co\/anterior\/#\/schema\/person\/image\/\",\"url\":\"https:\/\/secure.gravatar.com\/avatar\/c304344ebbe55f6bb2d7643e743e93a9?s=96&d=mm&r=g\",\"contentUrl\":\"https:\/\/secure.gravatar.com\/avatar\/c304344ebbe55f6bb2d7643e743e93a9?s=96&d=mm&r=g\",\"caption\":\"DuzcaGD\"},\"logo\":{\"@id\":\"https:\/\/duzca.com.co\/anterior\/#\/schema\/person\/image\/\"}}]}<\/script>\n<!-- \/ Yoast SEO plugin. -->","yoast_head_json":{"title":"ANDREA - DUZCA","robots":{"index":"index","follow":"follow","max-snippet":"max-snippet:-1","max-image-preview":"max-image-preview:large","max-video-preview":"max-video-preview:-1"},"canonical":"https:\/\/duzca.com.co\/anterior\/index.php\/producto\/andrea\/","og_locale":"es_ES","og_type":"article","og_title":"ANDREA - DUZCA","og_description":"\u00a1100% HECHO A MANO!  Tenis en cuero color talco x colores pasteles, interior textil y cuero, suela en PVC.  Brindando una MAYOR comodidad y confort.","og_url":"https:\/\/duzca.com.co\/anterior\/index.php\/producto\/andrea\/","og_site_name":"DUZCA","article_modified_time":"2023-08-24T20:24:38+00:00","og_image":[{"width":1440,"height":2560,"url":"https:\/\/duzca.com.co\/anterior\/wp-content\/uploads\/2023\/06\/IMG_2996-scaled.jpeg","type":"image\/jpeg"}],"twitter_card":"summary_large_image","twitter_misc":{"Tiempo de lectura":"1 minuto"},"schema":{"@context":"https:\/\/schema.org","@graph":[{"@type":"WebPage","@id":"https:\/\/duzca.com.co\/anterior\/index.php\/producto\/andrea\/","url":"https:\/\/duzca.com.co\/anterior\/index.php\/producto\/andrea\/","name":"ANDREA - DUZCA","isPartOf":{"@id":"https:\/\/duzca.com.co\/anterior\/#website"},"datePublished":"2023-06-22T00:05:04+00:00","dateModified":"2023-08-24T20:24:38+00:00","breadcrumb":{"@id":"https:\/\/duzca.com.co\/anterior\/index.php\/producto\/andrea\/#breadcrumb"},"inLanguage":"es","potentialAction":[{"@type":"ReadAction","target":["https:\/\/duzca.com.co\/anterior\/index.php\/producto\/andrea\/"]}]},{"@type":"BreadcrumbList","@id":"https:\/\/duzca.com.co\/anterior\/index.php\/producto\/andrea\/#breadcrumb","itemListElement":[{"@type":"ListItem","position":1,"name":"Portada","item":"https:\/\/duzca.com.co\/anterior\/"},{"@type":"ListItem","position":2,"name":"Tienda","item":"https:\/\/duzca.com.co\/anterior\/index.php\/tienda\/"},{"@type":"ListItem","position":3,"name":"ANDREA"}]},{"@type":"WebSite","@id":"https:\/\/duzca.com.co\/anterior\/#website","url":"https:\/\/duzca.com.co\/anterior\/","name":"DUZCA","description":"","publisher":{"@id":"https:\/\/duzca.com.co\/anterior\/#\/schema\/person\/5c0816f312b8a86c43fbdd9647efe56f"},"potentialAction":[{"@type":"SearchAction","target":{"@type":"EntryPoint","urlTemplate":"https:\/\/duzca.com.co\/anterior\/?s={search_term_string}"},"query-input":"required name=search_term_string"}],"inLanguage":"es"},{"@type":["Person","Organization"],"@id":"https:\/\/duzca.com.co\/anterior\/#\/schema\/person\/5c0816f312b8a86c43fbdd9647efe56f","name":"DuzcaGD","image":{"@type":"ImageObject","inLanguage":"es","@id":"https:\/\/duzca.com.co\/anterior\/#\/schema\/person\/image\/","url":"https:\/\/secure.gravatar.com\/avatar\/c304344ebbe55f6bb2d7643e743e93a9?s=96&d=mm&r=g","contentUrl":"https:\/\/secure.gravatar.com\/avatar\/c304344ebbe55f6bb2d7643e743e93a9?s=96&d=mm&r=g","caption":"DuzcaGD"},"logo":{"@id":"https:\/\/duzca.com.co\/anterior\/#\/schema\/person\/image\/"}}]}},"_links":{"self":[{"href":"https:\/\/duzca.com.co\/anterior\/index.php\/wp-json\/wp\/v2\/product\/3137"}],"collection":[{"href":"https:\/\/duzca.com.co\/anterior\/index.php\/wp-json\/wp\/v2\/product"}],"about":[{"href":"https:\/\/duzca.com.co\/anterior\/index.php\/wp-json\/wp\/v2\/types\/product"}],"replies":[{"embeddable":true,"href":"https:\/\/duzca.com.co\/anterior\/index.php\/wp-json\/wp\/v2\/comments?post=3137"}],"wp:featuredmedia":[{"embeddable":true,"href":"https:\/\/duzca.com.co\/anterior\/index.php\/wp-json\/wp\/v2\/media\/3139"}],"wp:attachment":[{"href":"https:\/\/duzca.com.co\/anterior\/index.php\/wp-json\/wp\/v2\/media?parent=3137"}],"wp:term":[{"taxonomy":"product_cat","embeddable":true,"href":"https:\/\/duzca.com.co\/anterior\/index.php\/wp-json\/wp\/v2\/product_cat?post=3137"},{"taxonomy":"product_tag","embeddable":true,"href":"https:\/\/duzca.com.co\/anterior\/index.php\/wp-json\/wp\/v2\/product_tag?post=3137"}],"curies":[{"name":"wp","href":"https:\/\/api.w.org\/{rel}","templated":true}]}}